{"id":2904,"date":"2018-01-04T14:27:40","date_gmt":"2018-01-04T13:27:40","guid":{"rendered":"https:\/\/www.meinesuedstadt.de\/branchenverzeichnis\/?page_id=2904"},"modified":"2018-01-04T18:11:29","modified_gmt":"2018-01-04T17:11:29","slug":"eintrag-bearbeiten","status":"publish","type":"page","link":"https:\/\/www.meinesuedstadt.de\/branchenverzeichnis\/eintrag-bearbeiten\/","title":{"rendered":"Eintrag bearbeiten"},"content":{"rendered":"<h1 id=\"#edit\">Das Branchenbuch &#8211; Eintr\u00e4ge bearbeiten, erstellen oder l\u00f6schen<\/h1>\n<p>Liebe S\u00fcdst\u00e4dter, wir versuchen die Eintr\u00e4ge in unserem Branchenbuch stetig zu aktualisieren. Dennoch sind wir auf Mithilfe angewiesen. Sollte ein \u00fcberholter Eintrag gesichtet werden, bitte melden. <\/p>\n<p>Nicht mehr existierende oder neu gegr\u00fcndete Unternehmen k\u00f6nnen ebenfalls \u00fcber das folgende Formular erstellt werden.<\/p>\n<p>Vielen Dank f\u00fcr die Unterst\u00fctzung.<\/p>\n\n<div class=\"wpcf7 no-js\" id=\"wpcf7-f2903-o1\" lang=\"de-DE\" dir=\"ltr\" data-wpcf7-id=\"2903\">\n<div class=\"screen-reader-response\"><p role=\"status\" aria-live=\"polite\" aria-atomic=\"true\"><\/p> <ul><\/ul><\/div>\n<form action=\"\/branchenverzeichnis\/wp-json\/wp\/v2\/pages\/2904#wpcf7-f2903-o1\" method=\"post\" class=\"wpcf7-form init\" aria-label=\"Kontaktformular\" novalidate=\"novalidate\" data-status=\"init\">\n<fieldset class=\"hidden-fields-container\"><input type=\"hidden\" name=\"_wpcf7\" value=\"2903\" \/><input type=\"hidden\" name=\"_wpcf7_version\" value=\"6.1.5\" \/><input type=\"hidden\" name=\"_wpcf7_locale\" value=\"de_DE\" \/><input type=\"hidden\" name=\"_wpcf7_unit_tag\" value=\"wpcf7-f2903-o1\" \/><input type=\"hidden\" name=\"_wpcf7_container_post\" value=\"0\" \/><input type=\"hidden\" name=\"_wpcf7_posted_data_hash\" value=\"\" \/>\n<\/fieldset>\n<p><label> Ich m\u00f6chte einen Eintrag<br \/>\n<span class=\"wpcf7-form-control-wrap\" data-name=\"menu-261\"><select class=\"wpcf7-form-control wpcf7-select wpcf7-validates-as-required\" id=\"ID-TEST\" aria-required=\"true\" aria-invalid=\"false\" name=\"menu-261\"><option value=\"\u00e4ndern\">\u00e4ndern<\/option><option value=\"erstellen\">erstellen<\/option><option value=\"l\u00f6schen\">l\u00f6schen<\/option><\/select><\/span><\/label>\n<\/p>\n<p><label>Mein Name<br \/>\n<span class=\"wpcf7-form-control-wrap\" data-name=\"Name\"><input size=\"40\" maxlength=\"400\" class=\"wpcf7-form-control wpcf7-text wpcf7-validates-as-required\" aria-required=\"true\" aria-invalid=\"false\" value=\"\" type=\"text\" name=\"Name\" \/><\/span> <\/label>\n<\/p>\n<p><label>Meine E-Mail-Adresse<br \/>\n<span class=\"wpcf7-form-control-wrap\" data-name=\"E-Mail\"><input size=\"40\" maxlength=\"400\" class=\"wpcf7-form-control wpcf7-email wpcf7-validates-as-required wpcf7-text wpcf7-validates-as-email\" aria-required=\"true\" aria-invalid=\"false\" value=\"\" type=\"email\" name=\"E-Mail\" \/><\/span> <\/label>\n<\/p>\n<p><label> Name oder Link des Unternehmens<br \/>\n<span class=\"wpcf7-form-control-wrap\" data-name=\"Unternehmen\"><input size=\"40\" maxlength=\"400\" class=\"wpcf7-form-control wpcf7-text wpcf7-validates-as-required\" aria-required=\"true\" aria-invalid=\"false\" value=\"\" type=\"text\" name=\"Unternehmen\" \/><\/span><\/label>\n<\/p>\n<p><label> Angaben zum Eintrag<br \/>\n<span class=\"wpcf7-form-control-wrap\" data-name=\"Angaben\"><textarea cols=\"40\" rows=\"10\" maxlength=\"2000\" class=\"wpcf7-form-control wpcf7-textarea wpcf7-validates-as-required\" aria-required=\"true\" aria-invalid=\"false\" name=\"Angaben\"><\/textarea><\/span> <\/label>\n<\/p>\n<p><span class=\"wpcf7-form-control-wrap\" data-name=\"acceptance\"><span class=\"wpcf7-form-control wpcf7-acceptance\"><span class=\"wpcf7-list-item\"><input type=\"checkbox\" name=\"acceptance\" value=\"1\" id=\"acceptance\" aria-invalid=\"false\" \/><\/span><\/span><\/span>Ich habe die <a href=\"\/datenschutz\/\">Datenschutzerkl\u00e4rung<\/a> zur Kenntnis genommen. Ich stimme zu, dass meine Angaben und Daten zur Beantwortung meiner Anfrage elektronisch erhoben und gespeichert werden. Sie k\u00f6nnen Ihre Einwilligung jederzeit f\u00fcr die Zukunft per E-Mail an <a href=\"javascript:linkTo_UnCryptMailto('a29udGFrdEBtZWluZXN1ZWRzdGFkdC5kZQ==');\">kontakt<span style=\"display: none;\">noSpam<\/span>@meinesuedstadt.de<\/a> widerrufen.\n<\/p>\n<p><input class=\"wpcf7-form-control wpcf7-submit has-spinner\" type=\"submit\" value=\"Senden\" \/>\n<\/p><div class=\"wpcf7-response-output\" aria-hidden=\"true\"><\/div>\n<\/form>\n<\/div>\n\n","protected":false},"excerpt":{"rendered":"<p>Das Branchenbuch &#8211; Eintr\u00e4ge bearbeiten, erstellen oder l\u00f6schen Liebe S\u00fcdst\u00e4dter, wir versuchen die Eintr\u00e4ge in unserem Branchenbuch stetig zu aktualisieren. Dennoch sind wir auf Mithilfe angewiesen. Sollte ein \u00fcberholter Eintrag gesichtet werden, bitte melden. Nicht mehr existierende oder neu gegr\u00fcndete Unternehmen k\u00f6nnen ebenfalls \u00fcber das folgende Formular erstellt werden. Vielen Dank f\u00fcr die Unterst\u00fctzung.<\/p>\n","protected":false},"author":4,"featured_media":0,"parent":0,"menu_order":0,"comment_status":"closed","ping_status":"closed","template":"","meta":{"_acf_changed":false,"footnotes":""},"class_list":["post-2904","page","type-page","status-publish","hentry"],"acf":[],"yoast_head":"<!-- This site is optimized with the Yoast SEO plugin v27.4 - https:\/\/yoast.com\/product\/yoast-seo-wordpress\/ -->\n<title>Eintrag bearbeiten - Meine S\u00fcdstadt<\/title>\n<meta name=\"robots\" content=\"noindex, follow\" \/>\n<meta property=\"og:locale\" content=\"de_DE\" \/>\n<meta property=\"og:type\" content=\"article\" \/>\n<meta property=\"og:title\" content=\"Eintrag bearbeiten - Meine S\u00fcdstadt\" \/>\n<meta property=\"og:description\" content=\"Das Branchenbuch &#8211; Eintr\u00e4ge bearbeiten, erstellen oder l\u00f6schen Liebe S\u00fcdst\u00e4dter, wir versuchen die Eintr\u00e4ge in unserem Branchenbuch stetig zu aktualisieren. Dennoch sind wir auf Mithilfe angewiesen. Sollte ein \u00fcberholter Eintrag gesichtet werden, bitte melden. Nicht mehr existierende oder neu gegr\u00fcndete Unternehmen k\u00f6nnen ebenfalls \u00fcber das folgende Formular erstellt werden. Vielen Dank f\u00fcr die Unterst\u00fctzung.\" \/>\n<meta property=\"og:url\" content=\"https:\/\/www.meinesuedstadt.de\/branchenverzeichnis\/eintrag-bearbeiten\/\" \/>\n<meta property=\"og:site_name\" content=\"Meine S\u00fcdstadt\" \/>\n<meta property=\"article:publisher\" content=\"https:\/\/www.facebook.com\/Meinesuedstadt\/\" \/>\n<meta property=\"article:modified_time\" content=\"2018-01-04T17:11:29+00:00\" \/>\n<meta name=\"twitter:card\" content=\"summary_large_image\" \/>\n<meta name=\"twitter:site\" content=\"@meinesuedstadt\" \/>\n<script type=\"application\/ld+json\" class=\"yoast-schema-graph\">{\"@context\":\"https:\\\/\\\/schema.org\",\"@graph\":[{\"@type\":\"WebPage\",\"@id\":\"https:\\\/\\\/www.meinesuedstadt.de\\\/branchenverzeichnis\\\/eintrag-bearbeiten\\\/\",\"url\":\"https:\\\/\\\/www.meinesuedstadt.de\\\/branchenverzeichnis\\\/eintrag-bearbeiten\\\/\",\"name\":\"Eintrag bearbeiten - Meine S\u00fcdstadt\",\"isPartOf\":{\"@id\":\"https:\\\/\\\/www.meinesuedstadt.de\\\/branchenverzeichnis\\\/#website\"},\"datePublished\":\"2018-01-04T13:27:40+00:00\",\"dateModified\":\"2018-01-04T17:11:29+00:00\",\"breadcrumb\":{\"@id\":\"https:\\\/\\\/www.meinesuedstadt.de\\\/branchenverzeichnis\\\/eintrag-bearbeiten\\\/#breadcrumb\"},\"inLanguage\":\"de\",\"potentialAction\":[{\"@type\":\"ReadAction\",\"target\":[\"https:\\\/\\\/www.meinesuedstadt.de\\\/branchenverzeichnis\\\/eintrag-bearbeiten\\\/\"]}]},{\"@type\":\"BreadcrumbList\",\"@id\":\"https:\\\/\\\/www.meinesuedstadt.de\\\/branchenverzeichnis\\\/eintrag-bearbeiten\\\/#breadcrumb\",\"itemListElement\":[{\"@type\":\"ListItem\",\"position\":1,\"name\":\"Startseite\",\"item\":\"https:\\\/\\\/www.meinesuedstadt.de\\\/branchenverzeichnis\\\/\"},{\"@type\":\"ListItem\",\"position\":2,\"name\":\"Eintrag bearbeiten\"}]},{\"@type\":\"WebSite\",\"@id\":\"https:\\\/\\\/www.meinesuedstadt.de\\\/branchenverzeichnis\\\/#website\",\"url\":\"https:\\\/\\\/www.meinesuedstadt.de\\\/branchenverzeichnis\\\/\",\"name\":\"Meine S\u00fcdstadt\",\"description\":\"Branchenverzeichnis aus der S\u00fcdstadt K\u00f6lns\",\"potentialAction\":[{\"@type\":\"SearchAction\",\"target\":{\"@type\":\"EntryPoint\",\"urlTemplate\":\"https:\\\/\\\/www.meinesuedstadt.de\\\/branchenverzeichnis\\\/?s={search_term_string}\"},\"query-input\":{\"@type\":\"PropertyValueSpecification\",\"valueRequired\":true,\"valueName\":\"search_term_string\"}}],\"inLanguage\":\"de\"}]}<\/script>\n<!-- \/ Yoast SEO plugin. -->","yoast_head_json":{"title":"Eintrag bearbeiten - Meine S\u00fcdstadt","robots":{"index":"noindex","follow":"follow"},"og_locale":"de_DE","og_type":"article","og_title":"Eintrag bearbeiten - Meine S\u00fcdstadt","og_description":"Das Branchenbuch &#8211; Eintr\u00e4ge bearbeiten, erstellen oder l\u00f6schen Liebe S\u00fcdst\u00e4dter, wir versuchen die Eintr\u00e4ge in unserem Branchenbuch stetig zu aktualisieren. Dennoch sind wir auf Mithilfe angewiesen. Sollte ein \u00fcberholter Eintrag gesichtet werden, bitte melden. Nicht mehr existierende oder neu gegr\u00fcndete Unternehmen k\u00f6nnen ebenfalls \u00fcber das folgende Formular erstellt werden. Vielen Dank f\u00fcr die Unterst\u00fctzung.","og_url":"https:\/\/www.meinesuedstadt.de\/branchenverzeichnis\/eintrag-bearbeiten\/","og_site_name":"Meine S\u00fcdstadt","article_publisher":"https:\/\/www.facebook.com\/Meinesuedstadt\/","article_modified_time":"2018-01-04T17:11:29+00:00","twitter_card":"summary_large_image","twitter_site":"@meinesuedstadt","schema":{"@context":"https:\/\/schema.org","@graph":[{"@type":"WebPage","@id":"https:\/\/www.meinesuedstadt.de\/branchenverzeichnis\/eintrag-bearbeiten\/","url":"https:\/\/www.meinesuedstadt.de\/branchenverzeichnis\/eintrag-bearbeiten\/","name":"Eintrag bearbeiten - Meine S\u00fcdstadt","isPartOf":{"@id":"https:\/\/www.meinesuedstadt.de\/branchenverzeichnis\/#website"},"datePublished":"2018-01-04T13:27:40+00:00","dateModified":"2018-01-04T17:11:29+00:00","breadcrumb":{"@id":"https:\/\/www.meinesuedstadt.de\/branchenverzeichnis\/eintrag-bearbeiten\/#breadcrumb"},"inLanguage":"de","potentialAction":[{"@type":"ReadAction","target":["https:\/\/www.meinesuedstadt.de\/branchenverzeichnis\/eintrag-bearbeiten\/"]}]},{"@type":"BreadcrumbList","@id":"https:\/\/www.meinesuedstadt.de\/branchenverzeichnis\/eintrag-bearbeiten\/#breadcrumb","itemListElement":[{"@type":"ListItem","position":1,"name":"Startseite","item":"https:\/\/www.meinesuedstadt.de\/branchenverzeichnis\/"},{"@type":"ListItem","position":2,"name":"Eintrag bearbeiten"}]},{"@type":"WebSite","@id":"https:\/\/www.meinesuedstadt.de\/branchenverzeichnis\/#website","url":"https:\/\/www.meinesuedstadt.de\/branchenverzeichnis\/","name":"Meine S\u00fcdstadt","description":"Branchenverzeichnis aus der S\u00fcdstadt K\u00f6lns","potentialAction":[{"@type":"SearchAction","target":{"@type":"EntryPoint","urlTemplate":"https:\/\/www.meinesuedstadt.de\/branchenverzeichnis\/?s={search_term_string}"},"query-input":{"@type":"PropertyValueSpecification","valueRequired":true,"valueName":"search_term_string"}}],"inLanguage":"de"}]}},"_links":{"self":[{"href":"https:\/\/www.meinesuedstadt.de\/branchenverzeichnis\/wp-json\/wp\/v2\/pages\/2904","targetHints":{"allow":["GET"]}}],"collection":[{"href":"https:\/\/www.meinesuedstadt.de\/branchenverzeichnis\/wp-json\/wp\/v2\/pages"}],"about":[{"href":"https:\/\/www.meinesuedstadt.de\/branchenverzeichnis\/wp-json\/wp\/v2\/types\/page"}],"author":[{"embeddable":true,"href":"https:\/\/www.meinesuedstadt.de\/branchenverzeichnis\/wp-json\/wp\/v2\/users\/4"}],"replies":[{"embeddable":true,"href":"https:\/\/www.meinesuedstadt.de\/branchenverzeichnis\/wp-json\/wp\/v2\/comments?post=2904"}],"version-history":[{"count":15,"href":"https:\/\/www.meinesuedstadt.de\/branchenverzeichnis\/wp-json\/wp\/v2\/pages\/2904\/revisions"}],"predecessor-version":[{"id":2922,"href":"https:\/\/www.meinesuedstadt.de\/branchenverzeichnis\/wp-json\/wp\/v2\/pages\/2904\/revisions\/2922"}],"wp:attachment":[{"href":"https:\/\/www.meinesuedstadt.de\/branchenverzeichnis\/wp-json\/wp\/v2\/media?parent=2904"}],"curies":[{"name":"wp","href":"https:\/\/api.w.org\/{rel}","templated":true}]}}